{"id":34,"date":"2016-03-28T20:43:40","date_gmt":"2016-03-28T18:43:40","guid":{"rendered":"https:\/\/warum-alpakas.de\/?page_id=34"},"modified":"2017-01-20T18:00:00","modified_gmt":"2017-01-20T16:00:00","slug":"buchentstehung","status":"publish","type":"page","link":"https:\/\/warum-alpakas.de\/?page_id=34","title":{"rendered":"Buch-Entstehung"},"content":{"rendered":"<p style=\"text-align: justify;\">Wie kommt man dazu, ein Buch zu schreiben?<\/p>\n<p style=\"text-align: justify;\">Wir halten seit \u00fcber 14 Jahren Alpakas und immer wieder werden wir gefragt: \u201eWarum haltet Ihr Alpakas? Was macht Ihr damit?\u201c Da hatte mein Mann vor einem Jahr die Idee: \u201eKannst Du nicht mal etwas dazu schreiben, vielleicht sogar ein Buch?\u201c Eigentlich ein guter Gedanke, dachte ich, denn ein solches Buch gibt es noch nicht.<\/p>\n<p style=\"text-align: justify;\">Aber so einfach ist das nicht. Ich habe zun\u00e4chst damit begonnen, eine gro\u00dfe Stichwort-Sammlung anzulegen und dann ein Konzept erstellt.<\/p>\n<p style=\"text-align: justify;\"><strong>Was f\u00fcr eine Art Buch<\/strong> sollte es werden? Kein medizinisches Buch, davon gibt es sowohl auf Deutsch als auch auf Englisch eine gro\u00dfe Auswahl. Nein, es sollte ein Buch werden, das die h\u00e4ufig gestellte Frage der Leute beantwortet. Also ein Buch, das die Motivation zur Alpakahaltung aus meiner pers\u00f6nlichen Sicht darstellt, f\u00fcr andere nachvollziehbar macht, warum es so reizvoll ist, Alpakas zu halten und vor allem zu z\u00fcchten, vereinfacht: \u201eWarum Alpakas?\u201c<\/p>\n<p style=\"text-align: justify;\"><strong>Nat\u00fcrlich soll es informieren<\/strong>, was Alpakas f\u00fcr Tiere sind, wie man sie h\u00e4lt usw. Bisher gibt es aber kaum Literatur zur eigentlich wichtigsten Begr\u00fcndung f\u00fcr die Alpakahaltung: zu der <strong>Faser und ihrer Verarbeitung<\/strong>. Dieses Thema liegt mir besonders am Herzen und ist mein Hauptgrund, Alpakas zu halten. So wurde dies ein Schwerpunkt: von der Darstellung der verschiedenen Messmethoden und der Bedeutung des Ergebnisses \u00fcber die Spinntechniken bis zu den unterschiedlichen Nutzungsm\u00f6glichkeiten wird alles ausf\u00fchrlich vorgestellt. Es schien mir besonders wichtig, die <strong>VILYAs<\/strong> (Alpakas mit einer Faser, wie sie die Indios Tausende von Jahren gez\u00fcchtet haben &#8211; der Faser der Vicu\u00f1jas) vorzustellen, \u00fcber die wir in Europa noch viel zu wenig wissen.<\/p>\n<p style=\"text-align: justify;\">Sehr wichtig ist f\u00fcr mich au\u00dferdem ihr <strong>Wert als Therapiebegleittier<\/strong> oder einfach als gute Hilfe f\u00fcr die Psyche der Menschen, die mit Alpakas umgehen. Denn darin sehe ich einen noch immer weit untersch\u00e4tzten Aspekt bei der Alpakanutzung. Hier wird ihre immense Bedeutung und Eignung immer noch zu wenig anerkannt und gew\u00fcrdigt. Ich bin sehr froh, dass die bereits mit Alpakas und Lamas arbeitende Seelsorgerin Wiltrud Bauer zu diesem Ansatz einen Artikel beigesteuert hat.<\/p>\n<p style=\"text-align: justify;\">Ein Buch zu schreiben, bedeutet nicht nur, einen Text zu verfassen. Die dargestellten Fakten m\u00fcssen genau recherchiert sein, die Quellen angegeben werden, denn man m\u00f6chte keine fehlerhaften Aussagen treffen. Das hat deshalb den gr\u00f6\u00dften Teil der Zeit eingenommen, zumal immer mehr Material hinzu kam, je weiter ich mich in die Materie einarbeitete. Dabei habe ich viel Neues gelernt (z.B. die vielen M\u00f6glichkeiten, die Milchleistung einer Stute zu verbessern!).<\/p>\n<p style=\"text-align: justify;\">Es gibt noch andere Themen, die mir wichtig erschienen, so dass ein Teil dieses Buches die eigenen <strong>Erfahrungen mit ausgew\u00e4hlten Problemen<\/strong> darstellt (Reanimation eines Fohlens, Augeninfektionen, Milbenprobleme, Mangelerscheinungen und andere). Ebenso wichtig war es mir, einigen scheinbar unausrottbaren <strong>Mythen<\/strong>, die in der Alpakawelt herumgeistern und jeder Grundlage entbehren, die tats\u00e4chlichen Fakten gegen\u00fcber zu stellen. Ich habe dazu den aktuellen wissenschaftlichen Kenntnisstand veranschaulicht und m\u00f6chte hier besonders auf die Literaturangaben hinweisen.<br \/>\nDas Urheberrecht war zum Gl\u00fcck kein Problem: die Fotos, die einen gro\u00dfen Raum im Buch einnehmen, konnten wir zum gr\u00f6\u00dften Teil aus unserem eigenen Fundus nehmen. Die Zeichnungen habe ich selbst erstellt, der Grafik-Spezialist Martin Henrich hat sie dann in eine ansprechende Form gebracht.<\/p>\n<p style=\"text-align: justify;\">Im Fr\u00fchjahr 2015 habe ich mit dem Schreiben begonnen und seitdem jede freie Minute (selbst im Urlaub) damit zugebracht. Aber nicht nur ich: als Ende Oktober die Rohversion \u201estand\u201c, mussten alle Familienmitglieder und Freunde nicht nur lesen, sondern auch korrigieren bzw. auf all die Stellen hinweisen, die entweder unverst\u00e4ndlich oder zu sehr fachchinesisch geraten waren. Ich konnte au\u00dferdem eine Tier\u00e4rztin gewinnen, das Buch unter tiermedizinischen Aspekten zu lesen und zu kontrollieren, um zu verhindern, dass fachliche Fehler enthalten sind. Parallel hat die Layouterin der Druckerei bereits mit dem Satz begonnen und durch ihre Kreativit\u00e4t und Strukturierung das Erscheinungsbild ganz erheblich positiv beeinflusst. Ihr Ideenreichtum und ihre Gestaltungskraft haben die Akzente auf eine Weise gesetzt, die den Inhalt sehr viel deutlicher und verst\u00e4ndlicher machen.<\/p>\n<p style=\"text-align: justify;\">All diesen Helfern m\u00f6chte ich an dieser Stelle danken!<\/p>\n<p style=\"text-align: justify;\">Es ist ein gro\u00dfer Unterschied, ob man ein Buch im Eigenverlag herausbringt (also alles selbst entscheiden kann) oder mit einem Verlag zusammenarbeitet. Letzterer stellt vor allem wirtschaftliche Aspekte in den Vordergrund, bestimmt deshalb von der Wahl des Papiers bis zur Seitenzahl, der Optik und der begrenzten Stundenzahl f\u00fcr das Layout alle Schritte, so dass der Autor sehr eingeschr\u00e4nkt wird, meist auf die Gestaltung kaum Einfluss hat. Daf\u00fcr tr\u00e4gt er dann aber kein finanzielles Risiko.<br \/>\nIch habe mich entschlossen, das Buch im Eigenverlag herauszubringen, obwohl die Kosten dadurch erheblich h\u00f6her wurden und das komplette wirtschaftliche Risiko beim Autor und Herausgeber, also bei mir liegt. Aber auf diese Weise konnte ich uneingeschr\u00e4nkt versuchen, die Freude und die einzigartige Ausstrahlung von Alpakas \u201er\u00fcberzubringen\u201c.<\/p>\n<p style=\"text-align: justify;\">Hierf\u00fcr spielen Fotos nat\u00fcrlich eine gro\u00dfe Rolle. Wichtig war uns hier eine hohe Druckqualit\u00e4t auf besonders hochwertigem Papier f\u00fcr eine ansprechende Darstellung. Nach reiflichem \u00dcberlegen und etlichen vergleichenden Probedrucken fiel die Entscheidung f\u00fcr einen ganz besonders hochwertigen Lack-Farbdruck. So bekommen die Bilder einen leichten 3-D-Effekt und besonders die Faser der Alpakas ist wesentlich plastischer zu erkennen. Der zus\u00e4tzliche Aufwand ist allerdings betr\u00e4chtlich. Das Buch wird zuerst normal und hochwertig gedruckt. Anschlie\u00dfend m\u00fcssen die Druckfahnen trocknen. Eine Form wird quasi ausgeschnitten und dann nur die Fotos noch einmal mit einem Speziallack nachgedruckt.<\/p>\n<p style=\"text-align: justify;\">Auf Vorschlag der Druckerei haben wir das etwas ungew\u00f6hnliche Ma\u00df von 24&#215;24 cm gew\u00e4hlt. So entspricht die Grundfl\u00e4che einem Din-A-4-Ma\u00df, aber die kreativen M\u00f6glichkeiten im Layout sind gr\u00f6\u00dfer, das Buch bleibt aber insgesamt handlich.<\/p>\n<p style=\"text-align: justify;\">Das ausgew\u00e4hlte Papier ist ebenfalls nicht \u201evon der Stange\u201c, was man am leichten Glanz erkennen kann. Besonders gut hat mir die Empfehlung der Druckerei gefallen, f\u00fcr den Einband eine Soft-Touch-Folierung zu verwenden. Wenn man dieses Buch in die Hand nimmt, hat man ein \u00e4hnlich angenehmes Gef\u00fchl wie man es hat, wenn man ein Alpaka anfasst. Das passt gut. Au\u00dferdem ist dieser Einband besonders robust und kann sogar feucht abgewischt werden, so dass er schnell wieder wie neu aussieht.<\/p>\n<p style=\"text-align: justify;\">Bei diesem hohen Aufwand war es selbstverst\u00e4ndlich, dass es nur noch ein richtig gebundenes und nicht ein geklebtes Buch werden konnte. Der finanzielle Aufwand ist so erheblich geworden. Andererseits ist bei einer Auflage von nur 100 oder 200 St\u00fcck der St\u00fcckpreis extrem hoch. Wir haben die Erstauflage auf 500 St\u00fcck begrenzt, so dass der Verkaufspreis mit 59,90 Euro in einem erschwinglichen Rahmen bleiben konnte.<\/p>\n<p style=\"text-align: justify;\">Ich hoffe nun, dass es mir mit diesem Buch gelungen ist, den Lesern verst\u00e4ndlich zu machen, was an der Haltung und Zucht von Alpakas so \u00fcberaus reizvoll ist.<\/p>\n","protected":false},"excerpt":{"rendered":"<p>Wie kommt man dazu, ein Buch zu schreiben? Wir halten seit \u00fcber 14 Jahren Alpakas und immer wieder werden wir gefragt: \u201eWarum haltet Ihr Alpakas? Was macht Ihr damit?\u201c Da hatte mein Mann vor einem Jahr die Idee: \u201eKannst Du<\/p>\n","protected":false},"author":1,"featured_media":0,"parent":0,"menu_order":0,"comment_status":"closed","ping_status":"closed","template":"","meta":{"footnotes":""},"class_list":["post-34","page","type-page","status-publish","hentry"],"_links":{"self":[{"href":"https:\/\/warum-alpakas.de\/index.php?rest_route=\/wp\/v2\/pages\/34","targetHints":{"allow":["GET"]}}],"collection":[{"href":"https:\/\/warum-alpakas.de\/index.php?rest_route=\/wp\/v2\/pages"}],"about":[{"href":"https:\/\/warum-alpakas.de\/index.php?rest_route=\/wp\/v2\/types\/page"}],"author":[{"embeddable":true,"href":"https:\/\/warum-alpakas.de\/index.php?rest_route=\/wp\/v2\/users\/1"}],"replies":[{"embeddable":true,"href":"https:\/\/warum-alpakas.de\/index.php?rest_route=%2Fwp%2Fv2%2Fcomments&post=34"}],"version-history":[{"count":8,"href":"https:\/\/warum-alpakas.de\/index.php?rest_route=\/wp\/v2\/pages\/34\/revisions"}],"predecessor-version":[{"id":225,"href":"https:\/\/warum-alpakas.de\/index.php?rest_route=\/wp\/v2\/pages\/34\/revisions\/225"}],"wp:attachment":[{"href":"https:\/\/warum-alpakas.de\/index.php?rest_route=%2Fwp%2Fv2%2Fmedia&parent=34"}],"curies":[{"name":"wp","href":"https:\/\/api.w.org\/{rel}","templated":true}]}}