{"id":42,"date":"2016-03-28T21:16:25","date_gmt":"2016-03-28T19:16:25","guid":{"rendered":"https:\/\/warum-alpakas.de\/?page_id=42"},"modified":"2016-04-10T12:39:29","modified_gmt":"2016-04-10T10:39:29","slug":"home","status":"publish","type":"page","link":"https:\/\/warum-alpakas.de\/","title":{"rendered":"Home"},"content":{"rendered":"<p><img loading=\"lazy\" decoding=\"async\" class=\"size-medium wp-image-45 alignleft\" src=\"https:\/\/warum-alpakas.de\/wp-content\/uploads\/2016\/03\/home_bild-187x300.jpg\" alt=\"home_bild\" width=\"187\" height=\"300\" srcset=\"https:\/\/warum-alpakas.de\/wp-content\/uploads\/2016\/03\/home_bild-187x300.jpg 187w, https:\/\/warum-alpakas.de\/wp-content\/uploads\/2016\/03\/home_bild.jpg 324w\" sizes=\"auto, (max-width: 187px) 100vw, 187px\" \/>Auf 168 Seiten finden sich viele Informationen \u00fcber Haltung, Pflege und Zucht von Alpakas mit 153 Fotos und vielen Zeichnungen. Einen gro\u00dfen Wert\u00a0haben wir auf die Vorstellung der verschiedenen Arten gelegt auf die uns die Alpakas Freude und Nutzen bringen k\u00f6nnen. Darunter ist vor allem die tierbegleitete Therapie zu nennen. Aber nat\u00fcrlich beschreiben wir ausf\u00fchrlich die Gewinnung der Faser, die Analysen und die Verarbeitung des Vlieses der G\u00f6tter.<\/p>\n","protected":false},"excerpt":{"rendered":"<p>Auf 168 Seiten finden sich viele Informationen \u00fcber Haltung, Pflege und Zucht von Alpakas mit 153 Fotos und vielen Zeichnungen. Einen gro\u00dfen Wert\u00a0haben wir auf die Vorstellung der verschiedenen Arten gelegt auf die uns die Alpakas Freude und Nutzen bringen<\/p>\n","protected":false},"author":1,"featured_media":0,"parent":0,"menu_order":0,"comment_status":"closed","ping_status":"closed","template":"","meta":{"footnotes":""},"class_list":["post-42","page","type-page","status-publish","hentry"],"_links":{"self":[{"href":"https:\/\/warum-alpakas.de\/index.php?rest_route=\/wp\/v2\/pages\/42","targetHints":{"allow":["GET"]}}],"collection":[{"href":"https:\/\/warum-alpakas.de\/index.php?rest_route=\/wp\/v2\/pages"}],"about":[{"href":"https:\/\/warum-alpakas.de\/index.php?rest_route=\/wp\/v2\/types\/page"}],"author":[{"embeddable":true,"href":"https:\/\/warum-alpakas.de\/index.php?rest_route=\/wp\/v2\/users\/1"}],"replies":[{"embeddable":true,"href":"https:\/\/warum-alpakas.de\/index.php?rest_route=%2Fwp%2Fv2%2Fcomments&post=42"}],"version-history":[{"count":4,"href":"https:\/\/warum-alpakas.de\/index.php?rest_route=\/wp\/v2\/pages\/42\/revisions"}],"predecessor-version":[{"id":158,"href":"https:\/\/warum-alpakas.de\/index.php?rest_route=\/wp\/v2\/pages\/42\/revisions\/158"}],"wp:attachment":[{"href":"https:\/\/warum-alpakas.de\/index.php?rest_route=%2Fwp%2Fv2%2Fmedia&parent=42"}],"curies":[{"name":"wp","href":"https:\/\/api.w.org\/{rel}","templated":true}]}}